{"id":437,"date":"2019-01-30T14:17:33","date_gmt":"2019-01-30T16:17:33","guid":{"rendered":"http:\/\/localhost:8888\/wp\/?page_id=437"},"modified":"2021-01-18T12:16:10","modified_gmt":"2021-01-18T15:16:10","slug":"sobre","status":"publish","type":"page","link":"https:\/\/www.ccst.inpe.br\/lagee\/sobre\/","title":{"rendered":"Sobre"},"content":{"rendered":"\n<p>\u00c9 um projeto do CCST<\/p>\n\n\n\n<p>O Laborat\u00f3rio de Gases de Efeito Estufa teve in\u00edcio em 2003, quando foi constru\u00edda uma r\u00e9plica do sistema de an\u00e1lises GEE (Gases de Efeito Estufa) da NOAA\/ESRL\/GMD (National Oceanic and Atmospheric Administration\/Earth System Research Laboratories\/Global Monitoring Division) para quantifica\u00e7\u00e3o dos gases CO2 (di\u00f3xido de carbono), CH4 (metano), N2O (\u00f3xido nitroso), SF6 (hexafluoreto de enxofre), al\u00e9m do CO (mon\u00f3xido de carbono). A primeira instala\u00e7\u00e3o ocorreu em 2004, no IPEN (Instituto de Pesquisas Energ\u00e9ticas e Nucleares), onde permaneceu at\u00e9 2015, quando o laborat\u00f3rio foi transferido para o INPE\/CCST (Instituto Nacional de Pesquisas Espaciais\/Centro de Ci\u00eancia do Sistema Terrestre). Este laborat\u00f3rio visa estudar os Balan\u00e7os de Gases de Efeito Estufa na Amaz\u00f4nia, determinar as concentra\u00e7\u00f5es destes gases na Costa Brasileira, al\u00e9m das emiss\u00f5es de metano no Pantanal, uma importante \u00e1rea de inunda\u00e7\u00e3o no Brasil.<\/p>\n\n\n\n<p>As coletas com perfis verticais de avi\u00e3o come\u00e7aram no ano 2000 em SAN (2.86S 54.95W, Santar\u00e9m, no Estado do Par\u00e1) e a princ\u00edpio as an\u00e1lises eram realizadas no laborat\u00f3rio da NOAA\/ESRL\/GMD. A partir de 2004, com a instala\u00e7\u00e3o do laborat\u00f3rio no Brasil, as an\u00e1lises come\u00e7aram a serem realizadas no IPEN, Brasil. Os perfis verticais s\u00e3o realizados com um avi\u00e3o de pequeno porte de forma descendente entre 4.4km at\u00e9 300m de altura. De 2005 a 2007, realizou-se outra medidas com perfis verticais em MAN, Estado do Amazonas (2.60S, 60.21W, Manaus). Entre outubro de 2006 \u00e0 janeiro de 2010, realizou-se um programa de intercompara\u00e7\u00e3o entre os laborat\u00f3rios do&nbsp; IPEN e da NOAA\/ESRL\/GMD, na Esta\u00e7\u00e3o de Arembepe, Bahia, Brasil com amostras semanais na costa nordeste brasileira. Desde 2010 tiveram in\u00edcio coletas com perfis verticais em mais tr\u00eas localidades na Amaz\u00f4nia: TAB (5.96S 70.06W, Tabatinga, Amazonas), RBA (9.38S 67.62W, Rio Branco, Acre) e ALF (8.80S 56.75W, Alta Floresta, Mato Grosso); al\u00e9m de mais duas esta\u00e7\u00f5es de coleta na costa brasileira: em NAT (5.50S 35.25W, Natal) e SAL (0.61S 47.37W, Salinopolis).&nbsp; A partir de 2013, \u00e0s coletas realizadas em TAB foram substitu\u00eddas por perfis verticais realizados em TEF (3.39S 65.58W, Tef\u00e9, Amazonas). Essas quatro regi\u00f5es com coletas de perfis verticais de avi\u00e3o est\u00e3o distribu\u00eddas de forma a representar as regi\u00f5es nordeste (SAN), sudeste (ALF), noroeste (TAB_TEF) e sudoeste (RBA) da Amaz\u00f4nia. Em 2014 mais uma \u00e1rea de coleta na costa foi iniciada, em CAM (2.87S, 41.87W, Camocin, Estado do Cear\u00e1).<\/p>\n\n\n\n<p>Um projeto integrando perfis verticais at\u00e9 7.2km de altura e medidas de Sat\u00e9lite GOSAT realizou compara\u00e7\u00f5es em dois tipos de ecossistema: floresta (\u00e1rea RBA) e costa SAH (Salin\u00f3polis High Profiles), de 2013 a 2015.<\/p>\n\n\n\n<p>At\u00e9 abril de 2015, no IPEN, foram realizados 430 perfis verticais nessas sete \u00e1reas. Por raz\u00f5es de mudan\u00e7a do LaGEE para o INPE\/CCST, os perfis verticais recome\u00e7aram e at\u00e9 hoje realizou-se 50 perfis, em 2016 campos a\u00e9reos RBA e ALF ocorreram e 3 \u00e1reas de costa (SAL, CAM e NAT) continuam a ocorrer.<\/p>\n\n\n\n<p>Em 2016 novas medidas usando FTIR (nova \u00e1rea TCCON) come\u00e7aram a serem feitas com uma parceria do BIRA-IASB\/IFRO e INPE. O instrumento est\u00e1 instalado no campus da IFRO em Porto Velho, Rond\u00f4nia (8.74S, 63.87W).<\/p>\n\n\n\n<p>Em 2017 retornou-se a \u00e1reas da Amaz\u00f4nia (RBA, ALF, TEF e SAN) e adicionou-se medidas especiais na costa em uma torre de 100m em Itarema, estado do Cear\u00e1 com mensura\u00e7\u00f5es semanais de frascos de amostras.<\/p>\n\n\n\n<p>O Laborat\u00f3rio opera segundo as recomenda\u00e7\u00f5es t\u00e9cnicas da GAW\/WMO (Global Atmospheric Watch\/ World Meteorological Organization), com medidas de alta precis\u00e3o de gases de efeito estufa.<\/p>\n\n\n\n<div class=\"wp-block-image\"><figure class=\"alignright\"><img decoding=\"async\" src=\"http:\/\/localhost\/pg\/wp-content\/uploads\/2020\/08\/logo-lagee-maiorzin-e1597343752754.png\" alt=\"\" class=\"wp-image-2345\"\/><\/figure><\/div>\n\n\n\n<p> <\/p>\n","protected":false},"excerpt":{"rendered":"<p>\u00c9 um projeto do CCST O Laborat\u00f3rio de Gases de Efeito Estufa teve in\u00edcio em 2003, quando foi constru\u00edda uma r\u00e9plica do sistema de an\u00e1lises GEE (Gases de Efeito Estufa) da NOAA\/ESRL\/GMD (National Oceanic and Atmospheric Administration\/Earth System Research Laboratories\/Global Monitoring Division) para quantifica\u00e7\u00e3o dos gases CO2 (di\u00f3xido de carbono), CH4 (metano), N2O (\u00f3xido nitroso), [&hellip;]<\/p>\n","protected":false},"author":1,"featured_media":0,"parent":0,"menu_order":0,"comment_status":"closed","ping_status":"closed","template":"","meta":{"footnotes":""},"class_list":["post-437","page","type-page","status-publish","hentry"],"yoast_head":"<!-- This site is optimized with the Yoast SEO plugin v25.5 - https:\/\/yoast.com\/wordpress\/plugins\/seo\/ -->\n<title>Sobre - Projeto Lagee<\/title>\n<meta name=\"robots\" content=\"index, follow, max-snippet:-1, max-image-preview:large, max-video-preview:-1\" \/>\n<link rel=\"canonical\" href=\"https:\/\/www.ccst.inpe.br\/lagee\/sobre\/\" \/>\n<meta property=\"og:locale\" content=\"pt_BR\" \/>\n<meta property=\"og:type\" content=\"article\" \/>\n<meta property=\"og:title\" content=\"Sobre - Projeto Lagee\" \/>\n<meta property=\"og:description\" content=\"\u00c9 um projeto do CCST O Laborat\u00f3rio de Gases de Efeito Estufa teve in\u00edcio em 2003, quando foi constru\u00edda uma r\u00e9plica do sistema de an\u00e1lises GEE (Gases de Efeito Estufa) da NOAA\/ESRL\/GMD (National Oceanic and Atmospheric Administration\/Earth System Research Laboratories\/Global Monitoring Division) para quantifica\u00e7\u00e3o dos gases CO2 (di\u00f3xido de carbono), CH4 (metano), N2O (\u00f3xido nitroso), [&hellip;]\" \/>\n<meta property=\"og:url\" content=\"https:\/\/www.ccst.inpe.br\/lagee\/sobre\/\" \/>\n<meta property=\"og:site_name\" content=\"Projeto Lagee\" \/>\n<meta property=\"article:modified_time\" content=\"2021-01-18T15:16:10+00:00\" \/>\n<meta property=\"og:image\" content=\"http:\/\/localhost\/pg\/wp-content\/uploads\/2020\/08\/logo-lagee-maiorzin-e1597343752754.png\" \/>\n<meta name=\"twitter:card\" content=\"summary_large_image\" \/>\n<meta name=\"twitter:label1\" content=\"Est. tempo de leitura\" \/>\n\t<meta name=\"twitter:data1\" content=\"3 minutos\" \/>\n<script type=\"application\/ld+json\" class=\"yoast-schema-graph\">{\"@context\":\"https:\/\/schema.org\",\"@graph\":[{\"@type\":\"WebPage\",\"@id\":\"https:\/\/www.ccst.inpe.br\/lagee\/sobre\/\",\"url\":\"https:\/\/www.ccst.inpe.br\/lagee\/sobre\/\",\"name\":\"Sobre - Projeto Lagee\",\"isPartOf\":{\"@id\":\"https:\/\/www.ccst.inpe.br\/lagee\/#website\"},\"primaryImageOfPage\":{\"@id\":\"https:\/\/www.ccst.inpe.br\/lagee\/sobre\/#primaryimage\"},\"image\":{\"@id\":\"https:\/\/www.ccst.inpe.br\/lagee\/sobre\/#primaryimage\"},\"thumbnailUrl\":\"http:\/\/localhost\/pg\/wp-content\/uploads\/2020\/08\/logo-lagee-maiorzin-e1597343752754.png\",\"datePublished\":\"2019-01-30T16:17:33+00:00\",\"dateModified\":\"2021-01-18T15:16:10+00:00\",\"breadcrumb\":{\"@id\":\"https:\/\/www.ccst.inpe.br\/lagee\/sobre\/#breadcrumb\"},\"inLanguage\":\"pt-BR\",\"potentialAction\":[{\"@type\":\"ReadAction\",\"target\":[\"https:\/\/www.ccst.inpe.br\/lagee\/sobre\/\"]}]},{\"@type\":\"ImageObject\",\"inLanguage\":\"pt-BR\",\"@id\":\"https:\/\/www.ccst.inpe.br\/lagee\/sobre\/#primaryimage\",\"url\":\"http:\/\/localhost\/pg\/wp-content\/uploads\/2020\/08\/logo-lagee-maiorzin-e1597343752754.png\",\"contentUrl\":\"http:\/\/localhost\/pg\/wp-content\/uploads\/2020\/08\/logo-lagee-maiorzin-e1597343752754.png\"},{\"@type\":\"BreadcrumbList\",\"@id\":\"https:\/\/www.ccst.inpe.br\/lagee\/sobre\/#breadcrumb\",\"itemListElement\":[{\"@type\":\"ListItem\",\"position\":1,\"name\":\"In\u00edcio\",\"item\":\"https:\/\/www.ccst.inpe.br\/lagee\/\"},{\"@type\":\"ListItem\",\"position\":2,\"name\":\"Sobre\"}]},{\"@type\":\"WebSite\",\"@id\":\"https:\/\/www.ccst.inpe.br\/lagee\/#website\",\"url\":\"https:\/\/www.ccst.inpe.br\/lagee\/\",\"name\":\"Projeto Lagee\",\"description\":\"LAGEE\",\"potentialAction\":[{\"@type\":\"SearchAction\",\"target\":{\"@type\":\"EntryPoint\",\"urlTemplate\":\"https:\/\/www.ccst.inpe.br\/lagee\/?s={search_term_string}\"},\"query-input\":{\"@type\":\"PropertyValueSpecification\",\"valueRequired\":true,\"valueName\":\"search_term_string\"}}],\"inLanguage\":\"pt-BR\"}]}<\/script>\n<!-- \/ Yoast SEO plugin. -->","yoast_head_json":{"title":"Sobre - Projeto Lagee","robots":{"index":"index","follow":"follow","max-snippet":"max-snippet:-1","max-image-preview":"max-image-preview:large","max-video-preview":"max-video-preview:-1"},"canonical":"https:\/\/www.ccst.inpe.br\/lagee\/sobre\/","og_locale":"pt_BR","og_type":"article","og_title":"Sobre - Projeto Lagee","og_description":"\u00c9 um projeto do CCST O Laborat\u00f3rio de Gases de Efeito Estufa teve in\u00edcio em 2003, quando foi constru\u00edda uma r\u00e9plica do sistema de an\u00e1lises GEE (Gases de Efeito Estufa) da NOAA\/ESRL\/GMD (National Oceanic and Atmospheric Administration\/Earth System Research Laboratories\/Global Monitoring Division) para quantifica\u00e7\u00e3o dos gases CO2 (di\u00f3xido de carbono), CH4 (metano), N2O (\u00f3xido nitroso), [&hellip;]","og_url":"https:\/\/www.ccst.inpe.br\/lagee\/sobre\/","og_site_name":"Projeto Lagee","article_modified_time":"2021-01-18T15:16:10+00:00","og_image":[{"url":"http:\/\/localhost\/pg\/wp-content\/uploads\/2020\/08\/logo-lagee-maiorzin-e1597343752754.png","type":"","width":"","height":""}],"twitter_card":"summary_large_image","twitter_misc":{"Est. tempo de leitura":"3 minutos"},"schema":{"@context":"https:\/\/schema.org","@graph":[{"@type":"WebPage","@id":"https:\/\/www.ccst.inpe.br\/lagee\/sobre\/","url":"https:\/\/www.ccst.inpe.br\/lagee\/sobre\/","name":"Sobre - Projeto Lagee","isPartOf":{"@id":"https:\/\/www.ccst.inpe.br\/lagee\/#website"},"primaryImageOfPage":{"@id":"https:\/\/www.ccst.inpe.br\/lagee\/sobre\/#primaryimage"},"image":{"@id":"https:\/\/www.ccst.inpe.br\/lagee\/sobre\/#primaryimage"},"thumbnailUrl":"http:\/\/localhost\/pg\/wp-content\/uploads\/2020\/08\/logo-lagee-maiorzin-e1597343752754.png","datePublished":"2019-01-30T16:17:33+00:00","dateModified":"2021-01-18T15:16:10+00:00","breadcrumb":{"@id":"https:\/\/www.ccst.inpe.br\/lagee\/sobre\/#breadcrumb"},"inLanguage":"pt-BR","potentialAction":[{"@type":"ReadAction","target":["https:\/\/www.ccst.inpe.br\/lagee\/sobre\/"]}]},{"@type":"ImageObject","inLanguage":"pt-BR","@id":"https:\/\/www.ccst.inpe.br\/lagee\/sobre\/#primaryimage","url":"http:\/\/localhost\/pg\/wp-content\/uploads\/2020\/08\/logo-lagee-maiorzin-e1597343752754.png","contentUrl":"http:\/\/localhost\/pg\/wp-content\/uploads\/2020\/08\/logo-lagee-maiorzin-e1597343752754.png"},{"@type":"BreadcrumbList","@id":"https:\/\/www.ccst.inpe.br\/lagee\/sobre\/#breadcrumb","itemListElement":[{"@type":"ListItem","position":1,"name":"In\u00edcio","item":"https:\/\/www.ccst.inpe.br\/lagee\/"},{"@type":"ListItem","position":2,"name":"Sobre"}]},{"@type":"WebSite","@id":"https:\/\/www.ccst.inpe.br\/lagee\/#website","url":"https:\/\/www.ccst.inpe.br\/lagee\/","name":"Projeto Lagee","description":"LAGEE","potentialAction":[{"@type":"SearchAction","target":{"@type":"EntryPoint","urlTemplate":"https:\/\/www.ccst.inpe.br\/lagee\/?s={search_term_string}"},"query-input":{"@type":"PropertyValueSpecification","valueRequired":true,"valueName":"search_term_string"}}],"inLanguage":"pt-BR"}]}},"_links":{"self":[{"href":"https:\/\/www.ccst.inpe.br\/lagee\/wp-json\/wp\/v2\/pages\/437","targetHints":{"allow":["GET"]}}],"collection":[{"href":"https:\/\/www.ccst.inpe.br\/lagee\/wp-json\/wp\/v2\/pages"}],"about":[{"href":"https:\/\/www.ccst.inpe.br\/lagee\/wp-json\/wp\/v2\/types\/page"}],"author":[{"embeddable":true,"href":"https:\/\/www.ccst.inpe.br\/lagee\/wp-json\/wp\/v2\/users\/1"}],"replies":[{"embeddable":true,"href":"https:\/\/www.ccst.inpe.br\/lagee\/wp-json\/wp\/v2\/comments?post=437"}],"version-history":[{"count":1,"href":"https:\/\/www.ccst.inpe.br\/lagee\/wp-json\/wp\/v2\/pages\/437\/revisions"}],"predecessor-version":[{"id":2660,"href":"https:\/\/www.ccst.inpe.br\/lagee\/wp-json\/wp\/v2\/pages\/437\/revisions\/2660"}],"wp:attachment":[{"href":"https:\/\/www.ccst.inpe.br\/lagee\/wp-json\/wp\/v2\/media?parent=437"}],"curies":[{"name":"wp","href":"https:\/\/api.w.org\/{rel}","templated":true}]}}